{"id":587,"date":"2017-03-09T09:45:28","date_gmt":"2017-03-09T09:45:28","guid":{"rendered":"http:\/\/www.hirewordpressdeveloper.in\/themes\/construction\/?page_id=587"},"modified":"2020-07-15T09:53:52","modified_gmt":"2020-07-15T07:53:52","slug":"contact-us","status":"publish","type":"page","link":"https:\/\/mombim.fr\/en\/contact-us\/","title":{"rendered":"Contact Us"},"content":{"rendered":"<div class=\"vc_row wpb_row vc_row-fluid\" data-lang=\"English\"><div class=\"wpb_column vc_column_container vc_col-sm-12\"><div class=\"vc_column-inner vc_custom_1577699393105\"><div class=\"wpb_wrapper\"><div class=\"sk-space\" id=\"sk-space-33625329069f190c5b7249\"><\/div><style>#sk-space-33625329069f190c5b7249{height:85px;}@media (max-width: 1200px){#sk-space-33625329069f190c5b7249{height:65px;}}@media (max-width: 991px){#sk-space-33625329069f190c5b7249{height:55px;}}@media (max-width: 767px){#sk-space-33625329069f190c5b7249{height:45px;}}@media (max-width: 574px){#sk-space-33625329069f190c5b7249{height:35px;}}<\/style><\/div><\/div><\/div><div class=\"wpb_column vc_column_container vc_col-sm-4\"><div class=\"vc_column-inner\"><div class=\"wpb_wrapper\"><div class=\"text-left\"><h3 style=\"color:\">NOS COORDONN\u00c9ES<\/h3><div class=\"edge-seprator\"><\/div><\/div>\n\t<div class=\"wpb_text_column wpb_content_element\" >\n\t\t<div class=\"wpb_wrapper\">\n\t\t\t<p style=\"text-align: left;\">N&rsquo;h\u00e9sitez pas \u00e0 venir nous visiter ou alors nous envoyer un message.<\/p>\n<p>09 83 87 40 72<\/p>\n\n\t\t<\/div>\n\t<\/div>\n<div class=\"text-left\"><h4 style=\"color:\">NOS ADRESSES<\/h4><div class=\"edge-seprator\"><\/div><\/div>\n\t<div class=\"wpb_text_column wpb_content_element\" >\n\t\t<div class=\"wpb_wrapper\">\n\t\t\t<p><em><strong>PARIS<br \/>\n<\/strong><\/em><\/p>\n<p>43 rue de Silly, 92100 Boulogne-Billancourt<\/p>\n<p><em><strong>CANNES<\/strong><\/em><\/p>\n<p>69 Avenue des Fr\u00e8res Roustan, 06220 Golfe-Juan<\/p>\n\n\t\t<\/div>\n\t<\/div>\n<div class=\"text-left\"><h4 style=\"color:\">LES HORAIRES<\/h4><div class=\"edge-seprator\"><\/div><\/div>\n\t<div class=\"wpb_text_column wpb_content_element\" >\n\t\t<div class=\"wpb_wrapper\">\n\t\t\t<p>Lundi &#8211; Vendredi:<br \/>\n8h &#8211; 17h<\/p>\n\n\t\t<\/div>\n\t<\/div>\n<\/div><\/div><\/div><div class=\"wpb_column vc_column_container vc_col-sm-8\"><div class=\"vc_column-inner\"><div class=\"wpb_wrapper\"><div class=\"text-left\"><h3 style=\"color:\">CONTACTEZ-NOUS !<\/h3><div class=\"edge-seprator\"><\/div><\/div>\n\t<div class=\"wpb_text_column wpb_content_element\" >\n\t\t<div class=\"wpb_wrapper\">\n\t\t\t<p>Contactez-nous on vous r\u00e9pond au plus vite :<\/p>\n\n\t\t<\/div>\n\t<\/div>\n<div role=\"form\" class=\"wpcf7\" id=\"wpcf7-f1645-o1\" lang=\"en-US\" dir=\"ltr\">\n<div class=\"screen-reader-response\"><p role=\"status\" aria-live=\"polite\" aria-atomic=\"true\"><\/p> <ul><\/ul><\/div>\n<form action=\"\/en\/wp-json\/wp\/v2\/pages\/587#wpcf7-f1645-o1\" method=\"post\" class=\"wpcf7-form init\" novalidate=\"novalidate\" data-status=\"init\" data-trp-original-action=\"\/en\/wp-json\/wp\/v2\/pages\/587#wpcf7-f1645-o1\">\n<div style=\"display: none;\">\n<input type=\"hidden\" name=\"_wpcf7\" value=\"1645\" \/>\n<input type=\"hidden\" name=\"_wpcf7_version\" value=\"5.5.5\" \/>\n<input type=\"hidden\" name=\"_wpcf7_locale\" value=\"en_US\" \/>\n<input type=\"hidden\" name=\"_wpcf7_unit_tag\" value=\"wpcf7-f1645-o1\" \/>\n<input type=\"hidden\" name=\"_wpcf7_container_post\" value=\"0\" \/>\n<input type=\"hidden\" name=\"_wpcf7_posted_data_hash\" value=\"\" \/>\n<\/div>\n<div class=\"contact-us-page\">\n<div class=\"row\">\n<div class=\"col-lg-6 col-md-6 col-sm-12 m0 col-xs-12\">\n<span class=\"wpcf7-form-control-wrap full_name\"><input type=\"text\" name=\"full_name\" value=\"\" size=\"40\" class=\"wpcf7-form-control wpcf7-text wpcf7-validates-as-required\" aria-required=\"true\" aria-invalid=\"false\" placeholder=\"Full Name\" \/><\/span>\n<\/div>\n<div class=\"col-lg-6 col-md-6 col-sm-12 m0 col-xs-12\">\n<span class=\"wpcf7-form-control-wrap email\"><input type=\"email\" name=\"email\" value=\"\" size=\"40\" class=\"wpcf7-form-control wpcf7-text wpcf7-email wpcf7-validates-as-required wpcf7-validates-as-email\" aria-required=\"true\" aria-invalid=\"false\" placeholder=\"Email ID\" \/><\/span>\n<\/div>\n<\/div>\n<div class=\"row\">\n<div class=\"col-lg-12 col-md-12 col-sm-12 col-xs-12\">\n<span class=\"wpcf7-form-control-wrap subject\"><input type=\"text\" name=\"subject\" value=\"\" size=\"40\" class=\"wpcf7-form-control wpcf7-text wpcf7-validates-as-required\" aria-required=\"true\" aria-invalid=\"false\" placeholder=\"Subject\" \/><\/span>\n<\/div>\n<\/div>\n<div class=\"row\">\n<div class=\"col-lg-12 col-md-12 col-sm-12 col-xs-12\">\n<span class=\"wpcf7-form-control-wrap message\"><textarea name=\"message\" cols=\"40\" rows=\"10\" class=\"wpcf7-form-control wpcf7-textarea wpcf7-validates-as-required\" aria-required=\"true\" aria-invalid=\"false\" placeholder=\"Message\"><\/textarea><\/span>\n<\/div>\n<\/div>\n<div class=\"row\">\n<div class=\"col-lg-12 col-md-12 col-sm-12 col-xs-12\">\n<input type=\"submit\" value=\"Submit Now\" class=\"wpcf7-form-control has-spinner wpcf7-submit button-orange\" \/>\n<\/div>\n<\/div>\n<\/div>\n<p style=\"display: none !important;\"><label>&#916;<textarea name=\"_wpcf7_ak_hp_textarea\" cols=\"45\" rows=\"8\" maxlength=\"100\"><\/textarea><\/label><input type=\"hidden\" id=\"ak_js_1\" name=\"_wpcf7_ak_js\" value=\"7\"\/><script>document.getElementById( \"ak_js_1\" ).setAttribute( \"value\", ( new Date() ).getTime() );<\/script><\/p><div class=\"wpcf7-response-output\" aria-hidden=\"true\"><\/div><input type=\"hidden\" name=\"trp-form-language\" value=\"en\"\/><\/form><\/div><\/div><\/div><\/div><div class=\"wpb_column vc_column_container vc_col-sm-12\"><div class=\"vc_column-inner vc_custom_1577699421834\"><div class=\"wpb_wrapper\"><div class=\"sk-space\" id=\"sk-space-95528619669f190c5b849b\"><\/div><style>#sk-space-95528619669f190c5b849b{height:55px;}@media (max-width: 1200px){#sk-space-95528619669f190c5b849b{height:35px;}}@media (max-width: 991px){#sk-space-95528619669f190c5b849b{height:25px;}}@media (max-width: 767px){#sk-space-95528619669f190c5b849b{height:10px;}}<\/style><\/div><\/div><\/div><\/div>","protected":false},"excerpt":{"rendered":"NOS COORDONN\u00c9ES N'h\u00e9sitez pas \u00e0 venir nous visiter ou alors nous envoyer un message. 09 83 87 40 72 NOS ADRESSES PARIS 43 rue de Silly, 92100 Boulogne-Billancourt CANNES 69 Avenue des Fr\u00e8res Roustan, 06220 Golfe-Juan LES HORAIRES Lundi - Vendredi: 8h - 17h CONTACTEZ-NOUS ! Contactez-nous on vous r\u00e9pond au plus vite : &#916;","protected":false},"author":1,"featured_media":0,"parent":0,"menu_order":0,"comment_status":"closed","ping_status":"closed","template":"templates\/vc-page-template.php","meta":[],"_links":{"self":[{"href":"https:\/\/mombim.fr\/en\/wp-json\/wp\/v2\/pages\/587"}],"collection":[{"href":"https:\/\/mombim.fr\/en\/wp-json\/wp\/v2\/pages"}],"about":[{"href":"https:\/\/mombim.fr\/en\/wp-json\/wp\/v2\/types\/page"}],"author":[{"embeddable":true,"href":"https:\/\/mombim.fr\/en\/wp-json\/wp\/v2\/users\/1"}],"replies":[{"embeddable":true,"href":"https:\/\/mombim.fr\/en\/wp-json\/wp\/v2\/comments?post=587"}],"version-history":[{"count":8,"href":"https:\/\/mombim.fr\/en\/wp-json\/wp\/v2\/pages\/587\/revisions"}],"predecessor-version":[{"id":1834,"href":"https:\/\/mombim.fr\/en\/wp-json\/wp\/v2\/pages\/587\/revisions\/1834"}],"wp:attachment":[{"href":"https:\/\/mombim.fr\/en\/wp-json\/wp\/v2\/media?parent=587"}],"curies":[{"name":"wp","href":"https:\/\/api.w.org\/{rel}","templated":true}]}}