{"id":1913,"date":"2020-07-20T10:01:01","date_gmt":"2020-07-20T08:01:01","guid":{"rendered":"http:\/\/mombim.fr\/?page_id=1913"},"modified":"2020-07-20T11:00:46","modified_gmt":"2020-07-20T09:00:46","slug":"initiation-dynamo","status":"publish","type":"page","link":"https:\/\/mombim.fr\/en\/initiation-dynamo\/","title":{"rendered":"Initiation \u00e0 Dynamo"},"content":{"rendered":"<div class=\"vc_row wpb_row vc_row-fluid\" data-lang=\"English\"><div class=\"wpb_column vc_column_container vc_col-sm-6\"><div class=\"vc_column-inner\"><div class=\"wpb_wrapper\">\n\t<div class=\"wpb_text_column wpb_content_element\" >\n\t\t<div class=\"wpb_wrapper\">\n\t\t\t<h1>Formation initiation dynamo REVIT<\/h1>\n<p>Comprendre le fonctionnement de Dynamo dans le but d\u2019automatiser certaines t\u00e2ches, d\u2019acc\u00e9der \u00e0 l\u2019ensemble des donn\u00e9es d\u2019un projet ou de lier Revit \u00e0 d\u2019autres logiciels. Apprendre les concepts de programmation visuelle, l\u2019interface du Dynamo et Dynamo player, travailler avec les \u00e9l\u00e9ments de la maquette Revit.<\/p>\n\n\t\t<\/div>\n\t<\/div>\n<\/div><\/div><\/div><div class=\"wpb_column vc_column_container vc_col-sm-6\"><div class=\"vc_column-inner\"><div class=\"wpb_wrapper\">\n\t<div  class=\"wpb_single_image wpb_content_element vc_align_left\">\n\t\t\n\t\t<figure class=\"wpb_wrapper vc_figure\">\n\t\t\t<div class=\"vc_single_image-wrapper   vc_box_border_grey\"><img width=\"1012\" height=\"312\" src=\"https:\/\/mombim.fr\/wp-content\/uploads\/2020\/07\/dynamo-bim.png\" class=\"vc_single_image-img attachment-full\" alt=\"\" loading=\"lazy\" srcset=\"https:\/\/mombim.fr\/wp-content\/uploads\/2020\/07\/dynamo-bim.png 1012w, https:\/\/mombim.fr\/wp-content\/uploads\/2020\/07\/dynamo-bim-300x92.png 300w, https:\/\/mombim.fr\/wp-content\/uploads\/2020\/07\/dynamo-bim-768x237.png 768w, https:\/\/mombim.fr\/wp-content\/uploads\/2020\/07\/dynamo-bim-330x102.png 330w, https:\/\/mombim.fr\/wp-content\/uploads\/2020\/07\/dynamo-bim-600x185.png 600w\" sizes=\"(max-width: 1012px) 100vw, 1012px\" \/><\/div>\n\t\t<\/figure>\n\t<\/div>\n<\/div><\/div><\/div><\/div><div class=\"vc_row wpb_row vc_row-fluid\" data-lang=\"English\"><div class=\"wpb_column vc_column_container vc_col-sm-12\"><div class=\"vc_column-inner\"><div class=\"wpb_wrapper\"><div class=\"vc_empty_space\"   style=\"height: 32px\"><span class=\"vc_empty_space_inner\"><\/span><\/div><\/div><\/div><\/div><\/div><div class=\"vc_row wpb_row vc_row-fluid\" data-lang=\"English\"><div class=\"wpb_column vc_column_container vc_col-sm-12\"><div class=\"vc_column-inner\"><div class=\"wpb_wrapper\"><div class=\"vc_btn3-container  wpb_animate_when_almost_visible wpb_appear appear vc_btn3-inline\" ><a class=\"vc_general vc_btn3 vc_btn3-size-md vc_btn3-shape-rounded vc_btn3-style-3d vc_btn3-color-danger\" href=\"https:\/\/mombim.fr\/en\/contact-us\/\" title=\"\">Int\u00e9ress\u00e9s? CONTACTEZ-NOUS <\/a><\/div><\/div><\/div><\/div><\/div>","protected":false},"excerpt":{"rendered":"Formation initiation dynamo REVIT Comprendre le fonctionnement de Dynamo dans le but d\u2019automatiser certaines t\u00e2ches, d\u2019acc\u00e9der \u00e0 l\u2019ensemble des donn\u00e9es d\u2019un projet ou de lier Revit \u00e0 d\u2019autres logiciels. Apprendre les concepts de programmation visuelle, l\u2019interface du Dynamo et Dynamo player, travailler avec les \u00e9l\u00e9ments de la maquette Revit. Int\u00e9ress\u00e9s? CONTACTEZ-NOUS","protected":false},"author":1,"featured_media":0,"parent":0,"menu_order":0,"comment_status":"closed","ping_status":"closed","template":"","meta":[],"_links":{"self":[{"href":"https:\/\/mombim.fr\/en\/wp-json\/wp\/v2\/pages\/1913"}],"collection":[{"href":"https:\/\/mombim.fr\/en\/wp-json\/wp\/v2\/pages"}],"about":[{"href":"https:\/\/mombim.fr\/en\/wp-json\/wp\/v2\/types\/page"}],"author":[{"embeddable":true,"href":"https:\/\/mombim.fr\/en\/wp-json\/wp\/v2\/users\/1"}],"replies":[{"embeddable":true,"href":"https:\/\/mombim.fr\/en\/wp-json\/wp\/v2\/comments?post=1913"}],"version-history":[{"count":2,"href":"https:\/\/mombim.fr\/en\/wp-json\/wp\/v2\/pages\/1913\/revisions"}],"predecessor-version":[{"id":1916,"href":"https:\/\/mombim.fr\/en\/wp-json\/wp\/v2\/pages\/1913\/revisions\/1916"}],"wp:attachment":[{"href":"https:\/\/mombim.fr\/en\/wp-json\/wp\/v2\/media?parent=1913"}],"curies":[{"name":"wp","href":"https:\/\/api.w.org\/{rel}","templated":true}]}}