{"id":1901,"date":"2020-07-16T16:11:27","date_gmt":"2020-07-16T14:11:27","guid":{"rendered":"http:\/\/mombim.fr\/?page_id=1901"},"modified":"2020-07-17T08:51:49","modified_gmt":"2020-07-17T06:51:49","slug":"formation-aux-procedes-bim","status":"publish","type":"page","link":"https:\/\/mombim.fr\/en\/formation-aux-procedes-bim\/","title":{"rendered":"Formation aux proc\u00e9d\u00e9s BIM"},"content":{"rendered":"<div class=\"vc_row wpb_row vc_row-fluid\" data-lang=\"English\"><div class=\"wpb_column vc_column_container vc_col-sm-6\"><div class=\"vc_column-inner\"><div class=\"wpb_wrapper\">\n\t<div class=\"wpb_text_column wpb_content_element\" >\n\t\t<div class=\"wpb_wrapper\">\n\t\t\t<h1>Objectifs de la formation<br \/>\n( 2 jours)<\/h1>\n<p>Le BIM est le d\u00e9veloppement logique et in\u00e9luctable du num\u00e9rique dans le b\u00e2timent. Il continue \u00e0 se construire et se g\u00e9n\u00e9ralise autour d\u2019un protocole commun pour apporter \u00e0 la construction et \u00e0 la gestion du patrimoine b\u00e2ti des gains de productivit\u00e9, de temps.<\/p>\n<ul>\n<li>\n<h6><strong>Se sensibiliser au BIM.<\/strong><\/h6>\n<\/li>\n<li>\n<h6><strong>Comprendre les outils<\/strong><\/h6>\n<\/li>\n<li>\n<h6><strong>Comprendre la m\u00e9thode BIM<\/strong><\/h6>\n<\/li>\n<li>\n<h6><strong>Garantir le respect des normes du BIM<\/strong><\/h6>\n<\/li>\n<\/ul>\n<p>&nbsp;<\/p>\n<p>&nbsp;<\/p>\n<p>&nbsp;<\/p>\n\n\t\t<\/div>\n\t<\/div>\n<\/div><\/div><\/div><div class=\"wpb_column vc_column_container vc_col-sm-6\"><div class=\"vc_column-inner\"><div class=\"wpb_wrapper\">\n\t<div  class=\"wpb_single_image wpb_content_element vc_align_left\">\n\t\t\n\t\t<figure class=\"wpb_wrapper vc_figure\">\n\t\t\t<div class=\"vc_single_image-wrapper   vc_box_border_grey\"><img width=\"1248\" height=\"1023\" src=\"https:\/\/mombim.fr\/wp-content\/uploads\/2020\/07\/bim-diagramme.png\" class=\"vc_single_image-img attachment-full\" alt=\"\" loading=\"lazy\" srcset=\"https:\/\/mombim.fr\/wp-content\/uploads\/2020\/07\/bim-diagramme.png 1248w, https:\/\/mombim.fr\/wp-content\/uploads\/2020\/07\/bim-diagramme-300x246.png 300w, https:\/\/mombim.fr\/wp-content\/uploads\/2020\/07\/bim-diagramme-1024x839.png 1024w, https:\/\/mombim.fr\/wp-content\/uploads\/2020\/07\/bim-diagramme-768x630.png 768w, https:\/\/mombim.fr\/wp-content\/uploads\/2020\/07\/bim-diagramme-256x210.png 256w, https:\/\/mombim.fr\/wp-content\/uploads\/2020\/07\/bim-diagramme-600x492.png 600w\" sizes=\"(max-width: 1248px) 100vw, 1248px\" \/><\/div>\n\t\t<\/figure>\n\t<\/div>\n<\/div><\/div><\/div><\/div><div class=\"vc_row wpb_row vc_row-fluid\" data-lang=\"English\"><div class=\"wpb_column vc_column_container vc_col-sm-12\"><div class=\"vc_column-inner\"><div class=\"wpb_wrapper\"><\/div><\/div><\/div><\/div>","protected":false},"excerpt":{"rendered":"Objectifs de la formation ( 2 jours) Le BIM est le d\u00e9veloppement logique et in\u00e9luctable du num\u00e9rique dans le b\u00e2timent. Il continue \u00e0 se construire et se g\u00e9n\u00e9ralise autour d\u2019un protocole commun pour apporter \u00e0 la construction et \u00e0 la gestion du patrimoine b\u00e2ti des gains de productivit\u00e9, de temps. Se sensibiliser au BIM. Comprendre [...]","protected":false},"author":1,"featured_media":0,"parent":0,"menu_order":0,"comment_status":"closed","ping_status":"closed","template":"","meta":[],"_links":{"self":[{"href":"https:\/\/mombim.fr\/en\/wp-json\/wp\/v2\/pages\/1901"}],"collection":[{"href":"https:\/\/mombim.fr\/en\/wp-json\/wp\/v2\/pages"}],"about":[{"href":"https:\/\/mombim.fr\/en\/wp-json\/wp\/v2\/types\/page"}],"author":[{"embeddable":true,"href":"https:\/\/mombim.fr\/en\/wp-json\/wp\/v2\/users\/1"}],"replies":[{"embeddable":true,"href":"https:\/\/mombim.fr\/en\/wp-json\/wp\/v2\/comments?post=1901"}],"version-history":[{"count":2,"href":"https:\/\/mombim.fr\/en\/wp-json\/wp\/v2\/pages\/1901\/revisions"}],"predecessor-version":[{"id":1908,"href":"https:\/\/mombim.fr\/en\/wp-json\/wp\/v2\/pages\/1901\/revisions\/1908"}],"wp:attachment":[{"href":"https:\/\/mombim.fr\/en\/wp-json\/wp\/v2\/media?parent=1901"}],"curies":[{"name":"wp","href":"https:\/\/api.w.org\/{rel}","templated":true}]}}