{"id":1894,"date":"2020-07-16T14:25:21","date_gmt":"2020-07-16T12:25:21","guid":{"rendered":"http:\/\/mombim.fr\/?page_id=1894"},"modified":"2020-07-16T16:28:24","modified_gmt":"2020-07-16T14:28:24","slug":"cours-revit","status":"publish","type":"page","link":"https:\/\/mombim.fr\/en\/cours-revit\/","title":{"rendered":"Formation Revit"},"content":{"rendered":"<div class=\"vc_row wpb_row vc_row-fluid\" data-lang=\"English\"><div class=\"wpb_column vc_column_container vc_col-sm-6\"><div class=\"vc_column-inner\"><div class=\"wpb_wrapper\">\n\t<div class=\"wpb_text_column wpb_content_element\" >\n\t\t<div class=\"wpb_wrapper\">\n\t\t\t<h1>Objectifs de la formation<\/h1>\n<p>Acqu\u00e9rir les notions de bases du logiciel BIM REVIT Architecture afin de pouvoir produire ais\u00e9ment des plans, des rendus 3D, des \u00e9l\u00e9ments exploitables \u00e0 diffuser et ainsi \u00eatre rentable en ratio de temps pass\u00e9 \/ productivit\u00e9.<\/p>\n<ul>\n<li>Revit Initiation<\/li>\n<li>Revit Perfectionnement<\/li>\n<\/ul>\n<div class=\"hidden\">cours revit \u00e0 distance<\/div>\n\n\t\t<\/div>\n\t<\/div>\n<\/div><\/div><\/div><div class=\"wpb_column vc_column_container vc_col-sm-6\"><div class=\"vc_column-inner\"><div class=\"wpb_wrapper\">\n\t<div  class=\"wpb_single_image wpb_content_element vc_align_left\">\n\t\t<h2 class=\"wpb_heading wpb_singleimage_heading\">cours revit<\/h2>\n\t\t<figure class=\"wpb_wrapper vc_figure\">\n\t\t\t<div class=\"vc_single_image-wrapper   vc_box_border_grey\"><img width=\"500\" height=\"226\" src=\"https:\/\/mombim.fr\/wp-content\/uploads\/2020\/07\/logo-revit.png\" class=\"vc_single_image-img attachment-full\" alt=\"\" loading=\"lazy\" srcset=\"https:\/\/mombim.fr\/wp-content\/uploads\/2020\/07\/logo-revit.png 500w, https:\/\/mombim.fr\/wp-content\/uploads\/2020\/07\/logo-revit-300x136.png 300w, https:\/\/mombim.fr\/wp-content\/uploads\/2020\/07\/logo-revit-330x149.png 330w\" sizes=\"(max-width: 500px) 100vw, 500px\" \/><\/div>\n\t\t<\/figure>\n\t<\/div>\n<\/div><\/div><\/div><\/div><div class=\"vc_row wpb_row vc_row-fluid\" data-lang=\"English\"><div class=\"wpb_column vc_column_container vc_col-sm-12\"><div class=\"vc_column-inner\"><div class=\"wpb_wrapper\"><\/div><\/div><\/div><\/div>","protected":false},"excerpt":{"rendered":"Objectifs de la formation Acqu\u00e9rir les notions de bases du logiciel BIM REVIT Architecture afin de pouvoir produire ais\u00e9ment des plans, des rendus 3D, des \u00e9l\u00e9ments exploitables \u00e0 diffuser et ainsi \u00eatre rentable en ratio de temps pass\u00e9 \/ productivit\u00e9. Revit Initiation Revit Perfectionnement cours revit \u00e0 distance cours revit","protected":false},"author":1,"featured_media":0,"parent":0,"menu_order":0,"comment_status":"closed","ping_status":"closed","template":"","meta":[],"_links":{"self":[{"href":"https:\/\/mombim.fr\/en\/wp-json\/wp\/v2\/pages\/1894"}],"collection":[{"href":"https:\/\/mombim.fr\/en\/wp-json\/wp\/v2\/pages"}],"about":[{"href":"https:\/\/mombim.fr\/en\/wp-json\/wp\/v2\/types\/page"}],"author":[{"embeddable":true,"href":"https:\/\/mombim.fr\/en\/wp-json\/wp\/v2\/users\/1"}],"replies":[{"embeddable":true,"href":"https:\/\/mombim.fr\/en\/wp-json\/wp\/v2\/comments?post=1894"}],"version-history":[{"count":8,"href":"https:\/\/mombim.fr\/en\/wp-json\/wp\/v2\/pages\/1894\/revisions"}],"predecessor-version":[{"id":1904,"href":"https:\/\/mombim.fr\/en\/wp-json\/wp\/v2\/pages\/1894\/revisions\/1904"}],"wp:attachment":[{"href":"https:\/\/mombim.fr\/en\/wp-json\/wp\/v2\/media?parent=1894"}],"curies":[{"name":"wp","href":"https:\/\/api.w.org\/{rel}","templated":true}]}}