{"id":1881,"date":"2020-07-15T14:55:07","date_gmt":"2020-07-15T12:55:07","guid":{"rendered":"http:\/\/mombim.fr\/?page_id=1881"},"modified":"2020-07-21T11:17:45","modified_gmt":"2020-07-21T09:17:45","slug":"charte-bim","status":"publish","type":"page","link":"https:\/\/mombim.fr\/en\/charte-bim\/","title":{"rendered":"R\u00e9daction d\u2019une charte BIM"},"content":{"rendered":"<div class=\"vc_row wpb_row vc_row-fluid\" data-lang=\"English\"><div class=\"wpb_column vc_column_container vc_col-sm-6\"><div class=\"vc_column-inner\"><div class=\"wpb_wrapper\">\n\t<div class=\"wpb_text_column wpb_content_element\" >\n\t\t<div class=\"wpb_wrapper\">\n\t\t\t<p>La charte BIM est un document g\u00e9n\u00e9rique \u00e9labor\u00e9 par le ma\u00eetre d\u2019ouvrage traduisant sa politique en objectifs de qualit\u00e9 et de performances attendues. Elle recense notamment les exigences et les objectifs \u00e0 satisfaire pour que le processus BIM des op\u00e9rations puisse alimenter son processus exploitation maintenance BIM de son patrimoine.<\/p>\n\n\t\t<\/div>\n\t<\/div>\n<\/div><\/div><\/div><div class=\"wpb_column vc_column_container vc_col-sm-6\"><div class=\"vc_column-inner\"><div class=\"wpb_wrapper\">\n\t<div  class=\"wpb_single_image wpb_content_element vc_align_left\">\n\t\t\n\t\t<figure class=\"wpb_wrapper vc_figure\">\n\t\t\t<div class=\"vc_single_image-wrapper   vc_box_border_grey\"><img width=\"2560\" height=\"1707\" src=\"https:\/\/mombim.fr\/wp-content\/uploads\/2020\/07\/jonas-jacobsson-YlFM0-LdHu8-unsplash-scaled.jpg\" class=\"vc_single_image-img attachment-full\" alt=\"\" loading=\"lazy\" srcset=\"https:\/\/mombim.fr\/wp-content\/uploads\/2020\/07\/jonas-jacobsson-YlFM0-LdHu8-unsplash-scaled.jpg 2560w, https:\/\/mombim.fr\/wp-content\/uploads\/2020\/07\/jonas-jacobsson-YlFM0-LdHu8-unsplash-300x200.jpg 300w, https:\/\/mombim.fr\/wp-content\/uploads\/2020\/07\/jonas-jacobsson-YlFM0-LdHu8-unsplash-1024x683.jpg 1024w, https:\/\/mombim.fr\/wp-content\/uploads\/2020\/07\/jonas-jacobsson-YlFM0-LdHu8-unsplash-768x512.jpg 768w, https:\/\/mombim.fr\/wp-content\/uploads\/2020\/07\/jonas-jacobsson-YlFM0-LdHu8-unsplash-1536x1024.jpg 1536w, https:\/\/mombim.fr\/wp-content\/uploads\/2020\/07\/jonas-jacobsson-YlFM0-LdHu8-unsplash-2048x1365.jpg 2048w, https:\/\/mombim.fr\/wp-content\/uploads\/2020\/07\/jonas-jacobsson-YlFM0-LdHu8-unsplash-315x210.jpg 315w, https:\/\/mombim.fr\/wp-content\/uploads\/2020\/07\/jonas-jacobsson-YlFM0-LdHu8-unsplash-600x400.jpg 600w\" sizes=\"(max-width: 2560px) 100vw, 2560px\" \/><\/div>\n\t\t<\/figure>\n\t<\/div>\n<\/div><\/div><\/div><\/div><div class=\"vc_row wpb_row vc_row-fluid\" data-lang=\"English\"><div class=\"wpb_column vc_column_container vc_col-sm-12\"><div class=\"vc_column-inner\"><div class=\"wpb_wrapper\"><\/div><\/div><\/div><\/div>","protected":false},"excerpt":{"rendered":"La charte BIM est un document g\u00e9n\u00e9rique \u00e9labor\u00e9 par le ma\u00eetre d\u2019ouvrage traduisant sa politique en objectifs de qualit\u00e9 et de performances attendues. Elle recense notamment les exigences et les objectifs \u00e0 satisfaire pour que le processus BIM des op\u00e9rations puisse alimenter son processus exploitation maintenance BIM de son patrimoine.","protected":false},"author":1,"featured_media":0,"parent":0,"menu_order":0,"comment_status":"closed","ping_status":"closed","template":"","meta":[],"_links":{"self":[{"href":"https:\/\/mombim.fr\/en\/wp-json\/wp\/v2\/pages\/1881"}],"collection":[{"href":"https:\/\/mombim.fr\/en\/wp-json\/wp\/v2\/pages"}],"about":[{"href":"https:\/\/mombim.fr\/en\/wp-json\/wp\/v2\/types\/page"}],"author":[{"embeddable":true,"href":"https:\/\/mombim.fr\/en\/wp-json\/wp\/v2\/users\/1"}],"replies":[{"embeddable":true,"href":"https:\/\/mombim.fr\/en\/wp-json\/wp\/v2\/comments?post=1881"}],"version-history":[{"count":3,"href":"https:\/\/mombim.fr\/en\/wp-json\/wp\/v2\/pages\/1881\/revisions"}],"predecessor-version":[{"id":1937,"href":"https:\/\/mombim.fr\/en\/wp-json\/wp\/v2\/pages\/1881\/revisions\/1937"}],"wp:attachment":[{"href":"https:\/\/mombim.fr\/en\/wp-json\/wp\/v2\/media?parent=1881"}],"curies":[{"name":"wp","href":"https:\/\/api.w.org\/{rel}","templated":true}]}}