{"id":1876,"date":"2020-07-15T14:47:31","date_gmt":"2020-07-15T12:47:31","guid":{"rendered":"http:\/\/mombim.fr\/?page_id=1876"},"modified":"2020-07-21T11:17:20","modified_gmt":"2020-07-21T09:17:20","slug":"organisation-dun-espace-collaboratif","status":"publish","type":"page","link":"https:\/\/mombim.fr\/en\/organisation-dun-espace-collaboratif\/","title":{"rendered":"organization of a collaborative space"},"content":{"rendered":"<div class=\"vc_row wpb_row vc_row-fluid\" data-lang=\"English\"><div class=\"wpb_column vc_column_container vc_col-sm-6\"><div class=\"vc_column-inner\"><div class=\"wpb_wrapper\">\n\t<div class=\"wpb_text_column wpb_content_element\" >\n\t\t<div class=\"wpb_wrapper\">\n\t\t\t<p>Un espace collaboratif, ou plus pr\u00e9cis\u00e9ment un\u00a0<strong>espace de travail collaboratif\u00a0<\/strong>prend la forme d\u2019un espace virtuel en ligne\u00a0:<\/p>\n<ul>\n<li>Les outils de communication sont centralis\u00e9s au sein d\u2019une\u00a0plateforme afin de\u00a0<strong>faciliter la communication<\/strong>.<\/li>\n<li>Les \u00e9quipes de l\u2019entreprise peuvent\u00a0<strong>travailler\u00a0ensemble\u00a0<\/strong>en ligne et,\u00a0<em>in fine<\/em>, la\u00a0<strong>collaboration\u00a0<\/strong>s\u2019\u00e9tend \u00e0 tous les acteurs concern\u00e9s par l\u2019activit\u00e9 de l\u2019organisation,\u00a0comme les \u00e9quipes multisites, les clients ou les partenaires.<\/li>\n<li>Cet \u00e9cosyst\u00e8me num\u00e9rique a pour but de favoriser le travail de groupe \u00e0 travers le\u00a0<strong>partage de l\u2019information<\/strong>, le transfert des\u00a0comp\u00e9tences, le<strong>\u00a0partage de documents<\/strong>, la messagerie, etc.<\/li>\n<\/ul>\n<p>Les exemples de plateforme collaborative sont nombreux : bimsync, kroqi, BIM360<\/p>\n\n\t\t<\/div>\n\t<\/div>\n<\/div><\/div><\/div><div class=\"wpb_column vc_column_container vc_col-sm-6\"><div class=\"vc_column-inner\"><div class=\"wpb_wrapper\">\n\t<div  class=\"wpb_single_image wpb_content_element vc_align_left\">\n\t\t\n\t\t<figure class=\"wpb_wrapper vc_figure\">\n\t\t\t<div class=\"vc_single_image-wrapper   vc_box_border_grey\"><img width=\"2560\" height=\"1707\" src=\"https:\/\/mombim.fr\/wp-content\/uploads\/2020\/07\/lance-anderson-QdAAasrZhdk-unsplash-scaled.jpg\" class=\"vc_single_image-img attachment-full\" alt=\"\" loading=\"lazy\" srcset=\"https:\/\/mombim.fr\/wp-content\/uploads\/2020\/07\/lance-anderson-QdAAasrZhdk-unsplash-scaled.jpg 2560w, https:\/\/mombim.fr\/wp-content\/uploads\/2020\/07\/lance-anderson-QdAAasrZhdk-unsplash-300x200.jpg 300w, https:\/\/mombim.fr\/wp-content\/uploads\/2020\/07\/lance-anderson-QdAAasrZhdk-unsplash-1024x683.jpg 1024w, https:\/\/mombim.fr\/wp-content\/uploads\/2020\/07\/lance-anderson-QdAAasrZhdk-unsplash-768x512.jpg 768w, https:\/\/mombim.fr\/wp-content\/uploads\/2020\/07\/lance-anderson-QdAAasrZhdk-unsplash-1536x1024.jpg 1536w, https:\/\/mombim.fr\/wp-content\/uploads\/2020\/07\/lance-anderson-QdAAasrZhdk-unsplash-2048x1365.jpg 2048w, https:\/\/mombim.fr\/wp-content\/uploads\/2020\/07\/lance-anderson-QdAAasrZhdk-unsplash-315x210.jpg 315w, https:\/\/mombim.fr\/wp-content\/uploads\/2020\/07\/lance-anderson-QdAAasrZhdk-unsplash-600x400.jpg 600w\" sizes=\"(max-width: 2560px) 100vw, 2560px\" \/><\/div>\n\t\t<\/figure>\n\t<\/div>\n<\/div><\/div><\/div><\/div><div class=\"vc_row wpb_row vc_row-fluid\" data-lang=\"English\"><div class=\"wpb_column vc_column_container vc_col-sm-12\"><div class=\"vc_column-inner\"><div class=\"wpb_wrapper\"><\/div><\/div><\/div><\/div>","protected":false},"excerpt":{"rendered":"Un espace collaboratif, ou plus pr\u00e9cis\u00e9ment un\u00a0espace de travail collaboratif\u00a0prend la forme d\u2019un espace virtuel en ligne\u00a0: Les outils de communication sont centralis\u00e9s au sein d\u2019une\u00a0plateforme afin de\u00a0faciliter la communication. Les \u00e9quipes de l\u2019entreprise peuvent\u00a0travailler\u00a0ensemble\u00a0en ligne et,\u00a0in fine, la\u00a0collaboration\u00a0s\u2019\u00e9tend \u00e0 tous les acteurs concern\u00e9s par l\u2019activit\u00e9 de l\u2019organisation,\u00a0comme les \u00e9quipes multisites, les clients ou les [...]","protected":false},"author":1,"featured_media":0,"parent":0,"menu_order":0,"comment_status":"closed","ping_status":"closed","template":"","meta":[],"_links":{"self":[{"href":"https:\/\/mombim.fr\/en\/wp-json\/wp\/v2\/pages\/1876"}],"collection":[{"href":"https:\/\/mombim.fr\/en\/wp-json\/wp\/v2\/pages"}],"about":[{"href":"https:\/\/mombim.fr\/en\/wp-json\/wp\/v2\/types\/page"}],"author":[{"embeddable":true,"href":"https:\/\/mombim.fr\/en\/wp-json\/wp\/v2\/users\/1"}],"replies":[{"embeddable":true,"href":"https:\/\/mombim.fr\/en\/wp-json\/wp\/v2\/comments?post=1876"}],"version-history":[{"count":4,"href":"https:\/\/mombim.fr\/en\/wp-json\/wp\/v2\/pages\/1876\/revisions"}],"predecessor-version":[{"id":1936,"href":"https:\/\/mombim.fr\/en\/wp-json\/wp\/v2\/pages\/1876\/revisions\/1936"}],"wp:attachment":[{"href":"https:\/\/mombim.fr\/en\/wp-json\/wp\/v2\/media?parent=1876"}],"curies":[{"name":"wp","href":"https:\/\/api.w.org\/{rel}","templated":true}]}}