{"id":1861,"date":"2020-07-15T14:15:18","date_gmt":"2020-07-15T12:15:18","guid":{"rendered":"http:\/\/mombim.fr\/?page_id=1861"},"modified":"2020-07-15T14:27:32","modified_gmt":"2020-07-15T12:27:32","slug":"extraction-des-metres-et-quantitatifs","status":"publish","type":"page","link":"https:\/\/mombim.fr\/en\/extraction-des-metres-et-quantitatifs\/","title":{"rendered":"extraction of metrics and quantities"},"content":{"rendered":"<div class=\"vc_row wpb_row vc_row-fluid\" data-lang=\"English\"><div class=\"wpb_column vc_column_container vc_col-sm-6\"><div class=\"vc_column-inner\"><div class=\"wpb_wrapper\">\n\t<div class=\"wpb_text_column wpb_content_element\" >\n\t\t<div class=\"wpb_wrapper\">\n\t\t\t<p>Grace \u00e0 votre maquette 3D, nous pouvons extraitre des quantit\u00e9s, par familles, par objets, par niveaux, par surfaces en quelques clics. Plus que des m\u00e9tr\u00e9s, des informations pr\u00e9cises sont extraites en quelques clics \u00e0 la demande en seulement quelques minutes.<\/p>\n\n\t\t<\/div>\n\t<\/div>\n<\/div><\/div><\/div><div class=\"wpb_column vc_column_container vc_col-sm-6\"><div class=\"vc_column-inner\"><div class=\"wpb_wrapper\">\n\t<div  class=\"wpb_single_image wpb_content_element vc_align_left\">\n\t\t\n\t\t<figure class=\"wpb_wrapper vc_figure\">\n\t\t\t<div class=\"vc_single_image-wrapper   vc_box_border_grey\"><img width=\"1707\" height=\"2560\" src=\"https:\/\/mombim.fr\/wp-content\/uploads\/2020\/07\/holger-link-JeKIPgmp1CE-unsplash-scaled.jpg\" class=\"vc_single_image-img attachment-full\" alt=\"\" loading=\"lazy\" srcset=\"https:\/\/mombim.fr\/wp-content\/uploads\/2020\/07\/holger-link-JeKIPgmp1CE-unsplash-scaled.jpg 1707w, https:\/\/mombim.fr\/wp-content\/uploads\/2020\/07\/holger-link-JeKIPgmp1CE-unsplash-200x300.jpg 200w, https:\/\/mombim.fr\/wp-content\/uploads\/2020\/07\/holger-link-JeKIPgmp1CE-unsplash-683x1024.jpg 683w, https:\/\/mombim.fr\/wp-content\/uploads\/2020\/07\/holger-link-JeKIPgmp1CE-unsplash-768x1152.jpg 768w, https:\/\/mombim.fr\/wp-content\/uploads\/2020\/07\/holger-link-JeKIPgmp1CE-unsplash-1024x1536.jpg 1024w, https:\/\/mombim.fr\/wp-content\/uploads\/2020\/07\/holger-link-JeKIPgmp1CE-unsplash-1365x2048.jpg 1365w, https:\/\/mombim.fr\/wp-content\/uploads\/2020\/07\/holger-link-JeKIPgmp1CE-unsplash-140x210.jpg 140w, https:\/\/mombim.fr\/wp-content\/uploads\/2020\/07\/holger-link-JeKIPgmp1CE-unsplash-600x900.jpg 600w\" sizes=\"(max-width: 1707px) 100vw, 1707px\" \/><\/div>\n\t\t<\/figure>\n\t<\/div>\n<\/div><\/div><\/div><\/div>","protected":false},"excerpt":{"rendered":"Grace \u00e0 votre maquette 3D, nous pouvons extraitre des quantit\u00e9s, par familles, par objets, par niveaux, par surfaces en quelques clics. Plus que des m\u00e9tr\u00e9s, des informations pr\u00e9cises sont extraites en quelques clics \u00e0 la demande en seulement quelques minutes.","protected":false},"author":1,"featured_media":0,"parent":0,"menu_order":0,"comment_status":"closed","ping_status":"closed","template":"","meta":[],"_links":{"self":[{"href":"https:\/\/mombim.fr\/en\/wp-json\/wp\/v2\/pages\/1861"}],"collection":[{"href":"https:\/\/mombim.fr\/en\/wp-json\/wp\/v2\/pages"}],"about":[{"href":"https:\/\/mombim.fr\/en\/wp-json\/wp\/v2\/types\/page"}],"author":[{"embeddable":true,"href":"https:\/\/mombim.fr\/en\/wp-json\/wp\/v2\/users\/1"}],"replies":[{"embeddable":true,"href":"https:\/\/mombim.fr\/en\/wp-json\/wp\/v2\/comments?post=1861"}],"version-history":[{"count":3,"href":"https:\/\/mombim.fr\/en\/wp-json\/wp\/v2\/pages\/1861\/revisions"}],"predecessor-version":[{"id":1865,"href":"https:\/\/mombim.fr\/en\/wp-json\/wp\/v2\/pages\/1861\/revisions\/1865"}],"wp:attachment":[{"href":"https:\/\/mombim.fr\/en\/wp-json\/wp\/v2\/media?parent=1861"}],"curies":[{"name":"wp","href":"https:\/\/api.w.org\/{rel}","templated":true}]}}