{"id":1855,"date":"2020-07-15T13:59:58","date_gmt":"2020-07-15T11:59:58","guid":{"rendered":"http:\/\/mombim.fr\/?page_id=1855"},"modified":"2020-07-15T14:15:12","modified_gmt":"2020-07-15T12:15:12","slug":"audit-de-la-maquette-et-detection-de-conflits","status":"publish","type":"page","link":"https:\/\/mombim.fr\/en\/audit-de-la-maquette-et-detection-de-conflits\/","title":{"rendered":"audit of the model and detection of conflicts"},"content":{"rendered":"<div class=\"vc_row wpb_row vc_row-fluid\" data-lang=\"English\"><div class=\"wpb_column vc_column_container vc_col-sm-6\"><div class=\"vc_column-inner\"><div class=\"wpb_wrapper\">\n\t<div class=\"wpb_text_column wpb_content_element\" >\n\t\t<div class=\"wpb_wrapper\">\n\t\t\t<p>L&rsquo;audit sur maquette permet de d\u00e9battre de la fa\u00e7on dont sont organiser les informations dans les familles,les arborescences, les objets, les pr\u00e9sentations, les propri\u00e9t\u00e9s.<\/p>\n\n\t\t<\/div>\n\t<\/div>\n<\/div><\/div><\/div><div class=\"wpb_column vc_column_container vc_col-sm-6\"><div class=\"vc_column-inner\"><div class=\"wpb_wrapper\">\n\t<div class=\"wpb_text_column wpb_content_element\" >\n\t\t<div class=\"wpb_wrapper\">\n\t\t\t<p>Nous r\u00e9alisons de mani\u00e8re ind\u00e9pendante une s\u00e9rie de d\u00e9tection de clashs selon un programme pr\u00e9 \u00e9tabli afin de permettre de valider des phases travaux et des corrections dans la mod\u00e9lisation.<\/p>\n\n\t\t<\/div>\n\t<\/div>\n<\/div><\/div><\/div><\/div><div class=\"vc_row wpb_row vc_row-fluid\" data-lang=\"English\"><div class=\"wpb_column vc_column_container vc_col-sm-12\"><div class=\"vc_column-inner\"><div class=\"wpb_wrapper\"><\/div><\/div><\/div><\/div><div class=\"vc_row wpb_row vc_row-fluid\" data-lang=\"English\"><div class=\"wpb_column vc_column_container vc_col-sm-12\"><div class=\"vc_column-inner\"><div class=\"wpb_wrapper\">\n\t<div  class=\"wpb_single_image wpb_content_element vc_align_left\">\n\t\t\n\t\t<figure class=\"wpb_wrapper vc_figure\">\n\t\t\t<div class=\"vc_single_image-wrapper   vc_box_border_grey\"><img width=\"1707\" height=\"2560\" src=\"https:\/\/mombim.fr\/wp-content\/uploads\/2020\/07\/victor-garcia-iaquA2snPbk-unsplash-scaled.jpg\" class=\"vc_single_image-img attachment-full\" alt=\"\" loading=\"lazy\" srcset=\"https:\/\/mombim.fr\/wp-content\/uploads\/2020\/07\/victor-garcia-iaquA2snPbk-unsplash-scaled.jpg 1707w, https:\/\/mombim.fr\/wp-content\/uploads\/2020\/07\/victor-garcia-iaquA2snPbk-unsplash-200x300.jpg 200w, https:\/\/mombim.fr\/wp-content\/uploads\/2020\/07\/victor-garcia-iaquA2snPbk-unsplash-683x1024.jpg 683w, https:\/\/mombim.fr\/wp-content\/uploads\/2020\/07\/victor-garcia-iaquA2snPbk-unsplash-768x1152.jpg 768w, https:\/\/mombim.fr\/wp-content\/uploads\/2020\/07\/victor-garcia-iaquA2snPbk-unsplash-1024x1536.jpg 1024w, https:\/\/mombim.fr\/wp-content\/uploads\/2020\/07\/victor-garcia-iaquA2snPbk-unsplash-1365x2048.jpg 1365w, https:\/\/mombim.fr\/wp-content\/uploads\/2020\/07\/victor-garcia-iaquA2snPbk-unsplash-140x210.jpg 140w, https:\/\/mombim.fr\/wp-content\/uploads\/2020\/07\/victor-garcia-iaquA2snPbk-unsplash-600x900.jpg 600w\" sizes=\"(max-width: 1707px) 100vw, 1707px\" \/><\/div>\n\t\t<\/figure>\n\t<\/div>\n<\/div><\/div><\/div><\/div>","protected":false},"excerpt":{"rendered":"L'audit sur maquette permet de d\u00e9battre de la fa\u00e7on dont sont organiser les informations dans les familles,les arborescences, les objets, les pr\u00e9sentations, les propri\u00e9t\u00e9s. Nous r\u00e9alisons de mani\u00e8re ind\u00e9pendante une s\u00e9rie de d\u00e9tection de clashs selon un programme pr\u00e9 \u00e9tabli afin de permettre de valider des phases travaux et des corrections dans la mod\u00e9lisation.","protected":false},"author":1,"featured_media":0,"parent":0,"menu_order":0,"comment_status":"closed","ping_status":"closed","template":"","meta":[],"_links":{"self":[{"href":"https:\/\/mombim.fr\/en\/wp-json\/wp\/v2\/pages\/1855"}],"collection":[{"href":"https:\/\/mombim.fr\/en\/wp-json\/wp\/v2\/pages"}],"about":[{"href":"https:\/\/mombim.fr\/en\/wp-json\/wp\/v2\/types\/page"}],"author":[{"embeddable":true,"href":"https:\/\/mombim.fr\/en\/wp-json\/wp\/v2\/users\/1"}],"replies":[{"embeddable":true,"href":"https:\/\/mombim.fr\/en\/wp-json\/wp\/v2\/comments?post=1855"}],"version-history":[{"count":3,"href":"https:\/\/mombim.fr\/en\/wp-json\/wp\/v2\/pages\/1855\/revisions"}],"predecessor-version":[{"id":1859,"href":"https:\/\/mombim.fr\/en\/wp-json\/wp\/v2\/pages\/1855\/revisions\/1859"}],"wp:attachment":[{"href":"https:\/\/mombim.fr\/en\/wp-json\/wp\/v2\/media?parent=1855"}],"curies":[{"name":"wp","href":"https:\/\/api.w.org\/{rel}","templated":true}]}}