{"id":1813,"date":"2020-07-13T16:37:51","date_gmt":"2020-07-13T14:37:51","guid":{"rendered":"http:\/\/mombim.fr\/?page_id=1813"},"modified":"2024-11-03T22:10:31","modified_gmt":"2024-11-03T21:10:31","slug":"bim-manager-bim-referent","status":"publish","type":"page","link":"https:\/\/mombim.fr\/en\/bim-manager-bim-referent\/","title":{"rendered":"BIM manager | BIM referent"},"content":{"rendered":"<div class=\"vc_row wpb_row vc_row-fluid\" data-lang=\"English\"><div class=\"wpb_column vc_column_container vc_col-sm-6\"><div class=\"vc_column-inner\"><div class=\"wpb_wrapper\">\n\t<div  class=\"wpb_single_image wpb_content_element vc_align_center\">\n\t\t\n\t\t<figure class=\"wpb_wrapper vc_figure\">\n\t\t\t<div class=\"vc_single_image-wrapper   vc_box_border_grey\"><img width=\"350\" height=\"350\" src=\"https:\/\/mombim.fr\/wp-content\/uploads\/2020\/07\/photo-de-marcus-1.png\" class=\"vc_single_image-img attachment-full\" alt=\"\" loading=\"lazy\" srcset=\"https:\/\/mombim.fr\/wp-content\/uploads\/2020\/07\/photo-de-marcus-1.png 350w, https:\/\/mombim.fr\/wp-content\/uploads\/2020\/07\/photo-de-marcus-1-300x300.png 300w, https:\/\/mombim.fr\/wp-content\/uploads\/2020\/07\/photo-de-marcus-1-150x150.png 150w, https:\/\/mombim.fr\/wp-content\/uploads\/2020\/07\/photo-de-marcus-1-210x210.png 210w, https:\/\/mombim.fr\/wp-content\/uploads\/2020\/07\/photo-de-marcus-1-75x75.png 75w, https:\/\/mombim.fr\/wp-content\/uploads\/2020\/07\/photo-de-marcus-1-200x200.png 200w, https:\/\/mombim.fr\/wp-content\/uploads\/2020\/07\/photo-de-marcus-1-100x100.png 100w\" sizes=\"(max-width: 350px) 100vw, 350px\" \/><\/div>\n\t\t<\/figure>\n\t<\/div>\n<\/div><\/div><\/div><div class=\"wpb_column vc_column_container vc_col-sm-6\"><div class=\"vc_column-inner\"><div class=\"wpb_wrapper\">\n\t<div class=\"wpb_text_column wpb_content_element\" >\n\t\t<div class=\"wpb_wrapper\">\n\t\t\t<p style=\"text-align: center;\">Le BIM (Building Information Modeling) prend une place de plus en plus centrale dans le secteur du b\u00e2timent, et le r\u00f4le du BIM manager s&rsquo;affirme comme essentiel pour orchestrer cette transition num\u00e9rique. En regroupant toutes les informations d\u2019un projet au sein d\u2019un mod\u00e8le num\u00e9rique unique, le BIM manager optimise les \u00e9changes entre architectes, ing\u00e9nieurs, entrepreneurs et clients. Ce processus r\u00e9duit consid\u00e9rablement les erreurs et am\u00e9liore la qualit\u00e9 des constructions, tout en offrant des gains substantiels en termes de temps et de ressources.<\/p>\n<p style=\"text-align: center;\">En charge de la coordination des donn\u00e9es et de la gestion des flux de travail, le BIM manager est le garant de la coh\u00e9rence et de l\u2019actualit\u00e9 des informations tout au long du projet. Il joue un r\u00f4le strat\u00e9gique, supervisant l\u2019int\u00e9gration des contributions de chaque intervenant et s&rsquo;assurant que tous disposent des donn\u00e9es les plus pr\u00e9cises. Cette approche collaborative permet de rationaliser l&rsquo;utilisation des mat\u00e9riaux et des ressources humaines, contribuant \u00e0 une gestion plus efficace et durable des projets de construction.<\/p>\n\n\t\t<\/div>\n\t<\/div>\n<\/div><\/div><\/div><\/div><div class=\"vc_row wpb_row vc_row-fluid\" data-lang=\"English\"><div class=\"wpb_column vc_column_container vc_col-sm-6\"><div class=\"vc_column-inner\"><div class=\"wpb_wrapper\">\n\t<div class=\"wpb_text_column wpb_content_element\" >\n\t\t<div class=\"wpb_wrapper\">\n\t\t\t<h1 style=\"text-align: center;\"><span style=\"text-decoration: underline;\"><strong>Marcus Seidner\u00a0<\/strong><\/span><\/h1>\n<p style=\"text-align: center;\">La <strong>mod\u00e9lisation<\/strong> des donn\u00e9es est en train de bouleverser le secteur du b\u00e2timent. Le BIM manager est la t\u00eate de pont de ce mouvement visant \u00e0 <strong>optimiser<\/strong> les \u00e9changes entre les professionnels, limiter les erreurs et donc gagner en temps et en <strong>qualit\u00e9<\/strong>.<\/p>\n\n\t\t<\/div>\n\t<\/div>\n<\/div><\/div><\/div><\/div>","protected":false},"excerpt":{"rendered":"Le BIM (Building Information Modeling) prend une place de plus en plus centrale dans le secteur du b\u00e2timent, et le r\u00f4le du BIM manager s'affirme comme essentiel pour orchestrer cette transition num\u00e9rique. En regroupant toutes les informations d\u2019un projet au sein d\u2019un mod\u00e8le num\u00e9rique unique, le BIM manager optimise les \u00e9changes entre architectes, ing\u00e9nieurs, entrepreneurs [...]","protected":false},"author":1,"featured_media":0,"parent":0,"menu_order":0,"comment_status":"closed","ping_status":"closed","template":"","meta":[],"_links":{"self":[{"href":"https:\/\/mombim.fr\/en\/wp-json\/wp\/v2\/pages\/1813"}],"collection":[{"href":"https:\/\/mombim.fr\/en\/wp-json\/wp\/v2\/pages"}],"about":[{"href":"https:\/\/mombim.fr\/en\/wp-json\/wp\/v2\/types\/page"}],"author":[{"embeddable":true,"href":"https:\/\/mombim.fr\/en\/wp-json\/wp\/v2\/users\/1"}],"replies":[{"embeddable":true,"href":"https:\/\/mombim.fr\/en\/wp-json\/wp\/v2\/comments?post=1813"}],"version-history":[{"count":4,"href":"https:\/\/mombim.fr\/en\/wp-json\/wp\/v2\/pages\/1813\/revisions"}],"predecessor-version":[{"id":2059,"href":"https:\/\/mombim.fr\/en\/wp-json\/wp\/v2\/pages\/1813\/revisions\/2059"}],"wp:attachment":[{"href":"https:\/\/mombim.fr\/en\/wp-json\/wp\/v2\/media?parent=1813"}],"curies":[{"name":"wp","href":"https:\/\/api.w.org\/{rel}","templated":true}]}}