{"id":1871,"date":"2020-07-15T14:38:25","date_gmt":"2020-07-15T12:38:25","guid":{"rendered":"http:\/\/mombim.fr\/?page_id=1871"},"modified":"2020-07-15T14:43:16","modified_gmt":"2020-07-15T12:43:16","slug":"suivi-pendant-chantier-de-la-conformite-de-la-maquette","status":"publish","type":"page","link":"http:\/\/mombim.fr\/en\/suivi-pendant-chantier-de-la-conformite-de-la-maquette\/","title":{"rendered":"monitoring the conformity of the model during the construction site"},"content":{"rendered":"<div class=\"vc_row wpb_row vc_row-fluid\" data-lang=\"English\"><div class=\"wpb_column vc_column_container vc_col-sm-6\"><div class=\"vc_column-inner\"><div class=\"wpb_wrapper\">\n\t<div class=\"wpb_text_column wpb_content_element\" >\n\t\t<div class=\"wpb_wrapper\">\n\t\t\t<p>Depuis la mod\u00e9lisation r\u00e9alis\u00e9e pour les travaux, nous pr\u00e9parons une maquette gestion avec une nouvel espace collaboratif, et une base de donn\u00e9es permettant par la suite un acc\u00e8s facile au donn\u00e9es contenues dans votre maquette.<\/p>\n\n\t\t<\/div>\n\t<\/div>\n<\/div><\/div><\/div><div class=\"wpb_column vc_column_container vc_col-sm-6\"><div class=\"vc_column-inner\"><div class=\"wpb_wrapper\">\n\t<div  class=\"wpb_single_image wpb_content_element vc_align_left\">\n\t\t\n\t\t<figure class=\"wpb_wrapper vc_figure\">\n\t\t\t<div class=\"vc_single_image-wrapper   vc_box_border_grey\"><img width=\"2560\" height=\"1707\" src=\"https:\/\/mombim.fr\/wp-content\/uploads\/2020\/07\/scott-blake-x-ghf9LjrVg-unsplash-scaled.jpg\" class=\"vc_single_image-img attachment-full\" alt=\"\" loading=\"lazy\" srcset=\"https:\/\/mombim.fr\/wp-content\/uploads\/2020\/07\/scott-blake-x-ghf9LjrVg-unsplash-scaled.jpg 2560w, https:\/\/mombim.fr\/wp-content\/uploads\/2020\/07\/scott-blake-x-ghf9LjrVg-unsplash-300x200.jpg 300w, https:\/\/mombim.fr\/wp-content\/uploads\/2020\/07\/scott-blake-x-ghf9LjrVg-unsplash-1024x683.jpg 1024w, https:\/\/mombim.fr\/wp-content\/uploads\/2020\/07\/scott-blake-x-ghf9LjrVg-unsplash-768x512.jpg 768w, https:\/\/mombim.fr\/wp-content\/uploads\/2020\/07\/scott-blake-x-ghf9LjrVg-unsplash-1536x1024.jpg 1536w, https:\/\/mombim.fr\/wp-content\/uploads\/2020\/07\/scott-blake-x-ghf9LjrVg-unsplash-2048x1365.jpg 2048w, https:\/\/mombim.fr\/wp-content\/uploads\/2020\/07\/scott-blake-x-ghf9LjrVg-unsplash-315x210.jpg 315w, https:\/\/mombim.fr\/wp-content\/uploads\/2020\/07\/scott-blake-x-ghf9LjrVg-unsplash-600x400.jpg 600w\" sizes=\"(max-width: 2560px) 100vw, 2560px\" \/><\/div>\n\t\t<\/figure>\n\t<\/div>\n<\/div><\/div><\/div><\/div><div class=\"vc_row wpb_row vc_row-fluid\" data-lang=\"English\"><div class=\"wpb_column vc_column_container vc_col-sm-12\"><div class=\"vc_column-inner\"><div class=\"wpb_wrapper\"><\/div><\/div><\/div><\/div>","protected":false},"excerpt":{"rendered":"Depuis la mod\u00e9lisation r\u00e9alis\u00e9e pour les travaux, nous pr\u00e9parons une maquette gestion avec une nouvel espace collaboratif, et une base de donn\u00e9es permettant par la suite un acc\u00e8s facile au donn\u00e9es contenues dans votre maquette.","protected":false},"author":1,"featured_media":0,"parent":0,"menu_order":0,"comment_status":"closed","ping_status":"closed","template":"","meta":[],"_links":{"self":[{"href":"http:\/\/mombim.fr\/en\/wp-json\/wp\/v2\/pages\/1871"}],"collection":[{"href":"http:\/\/mombim.fr\/en\/wp-json\/wp\/v2\/pages"}],"about":[{"href":"http:\/\/mombim.fr\/en\/wp-json\/wp\/v2\/types\/page"}],"author":[{"embeddable":true,"href":"http:\/\/mombim.fr\/en\/wp-json\/wp\/v2\/users\/1"}],"replies":[{"embeddable":true,"href":"http:\/\/mombim.fr\/en\/wp-json\/wp\/v2\/comments?post=1871"}],"version-history":[{"count":2,"href":"http:\/\/mombim.fr\/en\/wp-json\/wp\/v2\/pages\/1871\/revisions"}],"predecessor-version":[{"id":1874,"href":"http:\/\/mombim.fr\/en\/wp-json\/wp\/v2\/pages\/1871\/revisions\/1874"}],"wp:attachment":[{"href":"http:\/\/mombim.fr\/en\/wp-json\/wp\/v2\/media?parent=1871"}],"curies":[{"name":"wp","href":"https:\/\/api.w.org\/{rel}","templated":true}]}}