{"id":1844,"date":"2020-07-15T11:23:25","date_gmt":"2020-07-15T09:23:25","guid":{"rendered":"http:\/\/mombim.fr\/?page_id=1844"},"modified":"2020-07-15T11:31:45","modified_gmt":"2020-07-15T09:31:45","slug":"realisation-de-la-maquette-3d","status":"publish","type":"page","link":"http:\/\/mombim.fr\/en\/realisation-de-la-maquette-3d\/","title":{"rendered":"r\u00e9alisation de la maquette 3D"},"content":{"rendered":"<div class=\"vc_row wpb_row vc_row-fluid\" data-lang=\"English\"><div class=\"wpb_column vc_column_container vc_col-sm-6\"><div class=\"vc_column-inner\"><div class=\"wpb_wrapper\">\n\t<div class=\"wpb_text_column wpb_content_element\" >\n\t\t<div class=\"wpb_wrapper\">\n\t\t\t<p>Les technologies num\u00e9riques se d\u00e9veloppent \u00e0 grande vitesse, stimulant les acteurs de la construction \u00e0 exploiter les technologies d\u2019impression 3D pour l\u2019Architecture. Nous participons activement \u00e0 cette nouvelle m\u00e9thode de travail et accompagnons les cabinets, les constructeurs et promoteurs \u00e0 exploiter cette nouvelle \u00e8re num\u00e9rique. Avec un service r\u00e9actif, nos \u00e9quipes r\u00e9alisent vos maquettes.<\/p>\n\n\t\t<\/div>\n\t<\/div>\n<\/div><\/div><\/div><div class=\"wpb_column vc_column_container vc_col-sm-6\"><div class=\"vc_column-inner\"><div class=\"wpb_wrapper\">\n\t<div  class=\"wpb_single_image wpb_content_element vc_align_left\">\n\t\t\n\t\t<figure class=\"wpb_wrapper vc_figure\">\n\t\t\t<div class=\"vc_single_image-wrapper   vc_box_border_grey\"><img width=\"2560\" height=\"1707\" src=\"https:\/\/mombim.fr\/wp-content\/uploads\/2020\/07\/jonas-jacobsson-YlFM0-LdHu8-unsplash-scaled.jpg\" class=\"vc_single_image-img attachment-full\" alt=\"\" loading=\"lazy\" srcset=\"https:\/\/mombim.fr\/wp-content\/uploads\/2020\/07\/jonas-jacobsson-YlFM0-LdHu8-unsplash-scaled.jpg 2560w, https:\/\/mombim.fr\/wp-content\/uploads\/2020\/07\/jonas-jacobsson-YlFM0-LdHu8-unsplash-300x200.jpg 300w, https:\/\/mombim.fr\/wp-content\/uploads\/2020\/07\/jonas-jacobsson-YlFM0-LdHu8-unsplash-1024x683.jpg 1024w, https:\/\/mombim.fr\/wp-content\/uploads\/2020\/07\/jonas-jacobsson-YlFM0-LdHu8-unsplash-768x512.jpg 768w, https:\/\/mombim.fr\/wp-content\/uploads\/2020\/07\/jonas-jacobsson-YlFM0-LdHu8-unsplash-1536x1024.jpg 1536w, https:\/\/mombim.fr\/wp-content\/uploads\/2020\/07\/jonas-jacobsson-YlFM0-LdHu8-unsplash-2048x1365.jpg 2048w, https:\/\/mombim.fr\/wp-content\/uploads\/2020\/07\/jonas-jacobsson-YlFM0-LdHu8-unsplash-315x210.jpg 315w, https:\/\/mombim.fr\/wp-content\/uploads\/2020\/07\/jonas-jacobsson-YlFM0-LdHu8-unsplash-600x400.jpg 600w\" sizes=\"(max-width: 2560px) 100vw, 2560px\" \/><\/div>\n\t\t<\/figure>\n\t<\/div>\n<\/div><\/div><\/div><\/div>","protected":false},"excerpt":{"rendered":"Les technologies num\u00e9riques se d\u00e9veloppent \u00e0 grande vitesse, stimulant les acteurs de la construction \u00e0 exploiter les technologies d\u2019impression 3D pour l\u2019Architecture. Nous participons activement \u00e0 cette nouvelle m\u00e9thode de travail et accompagnons les cabinets, les constructeurs et promoteurs \u00e0 exploiter cette nouvelle \u00e8re num\u00e9rique. Avec un service r\u00e9actif, nos \u00e9quipes r\u00e9alisent vos maquettes.","protected":false},"author":1,"featured_media":0,"parent":0,"menu_order":0,"comment_status":"closed","ping_status":"closed","template":"","meta":[],"_links":{"self":[{"href":"http:\/\/mombim.fr\/en\/wp-json\/wp\/v2\/pages\/1844"}],"collection":[{"href":"http:\/\/mombim.fr\/en\/wp-json\/wp\/v2\/pages"}],"about":[{"href":"http:\/\/mombim.fr\/en\/wp-json\/wp\/v2\/types\/page"}],"author":[{"embeddable":true,"href":"http:\/\/mombim.fr\/en\/wp-json\/wp\/v2\/users\/1"}],"replies":[{"embeddable":true,"href":"http:\/\/mombim.fr\/en\/wp-json\/wp\/v2\/comments?post=1844"}],"version-history":[{"count":2,"href":"http:\/\/mombim.fr\/en\/wp-json\/wp\/v2\/pages\/1844\/revisions"}],"predecessor-version":[{"id":1846,"href":"http:\/\/mombim.fr\/en\/wp-json\/wp\/v2\/pages\/1844\/revisions\/1846"}],"wp:attachment":[{"href":"http:\/\/mombim.fr\/en\/wp-json\/wp\/v2\/media?parent=1844"}],"curies":[{"name":"wp","href":"https:\/\/api.w.org\/{rel}","templated":true}]}}