{"id":1808,"date":"2020-07-13T16:29:20","date_gmt":"2020-07-13T14:29:20","guid":{"rendered":"http:\/\/mombim.fr\/?page_id=1808"},"modified":"2020-07-15T15:53:12","modified_gmt":"2020-07-15T13:53:12","slug":"maitrise-doeuvre-methode-bim","status":"publish","type":"page","link":"http:\/\/mombim.fr\/en\/maitrise-doeuvre-methode-bim\/","title":{"rendered":"ma\u00eetrise d\u2019\u0153uvre m\u00e9thode BIM"},"content":{"rendered":"<div class=\"vc_row wpb_row vc_row-fluid\" data-lang=\"English\"><div class=\"wpb_column vc_column_container vc_col-sm-6\"><div class=\"vc_column-inner\"><div class=\"wpb_wrapper\">\n\t<div class=\"wpb_text_column wpb_content_element\" >\n\t\t<div class=\"wpb_wrapper\">\n\t\t\t<p>Nous assurons la <strong>Ma\u00eetrise d&rsquo;\u0153uvre<\/strong> de votre projet depuis la pr\u00e9 \u00e9tude jusqu&rsquo;\u00e0 la r\u00e9ception puis la gestion de votre projet.<\/p>\n<p>La mission de ma\u00eetrise d\u2019\u0153uvre est une mission globale qui doit permettre d\u2019apporter une r\u00e9ponse architecturale, technique et \u00e9conomique au programme d\u00e9fini par le ma\u00eetre d\u2019ouvrage pour la r\u00e9alisation d\u2019une op\u00e9ration.<\/p>\n\n\t\t<\/div>\n\t<\/div>\n<\/div><\/div><\/div><div class=\"wpb_column vc_column_container vc_col-sm-6\"><div class=\"vc_column-inner\"><div class=\"wpb_wrapper\">\n\t<div  class=\"wpb_single_image wpb_content_element vc_align_left\">\n\t\t\n\t\t<figure class=\"wpb_wrapper vc_figure\">\n\t\t\t<div class=\"vc_single_image-wrapper   vc_box_border_grey\"><img width=\"2560\" height=\"1707\" src=\"https:\/\/mombim.fr\/wp-content\/uploads\/2020\/07\/jonas-jacobsson-YlFM0-LdHu8-unsplash-scaled.jpg\" class=\"vc_single_image-img attachment-full\" alt=\"\" loading=\"lazy\" srcset=\"https:\/\/mombim.fr\/wp-content\/uploads\/2020\/07\/jonas-jacobsson-YlFM0-LdHu8-unsplash-scaled.jpg 2560w, https:\/\/mombim.fr\/wp-content\/uploads\/2020\/07\/jonas-jacobsson-YlFM0-LdHu8-unsplash-300x200.jpg 300w, https:\/\/mombim.fr\/wp-content\/uploads\/2020\/07\/jonas-jacobsson-YlFM0-LdHu8-unsplash-1024x683.jpg 1024w, https:\/\/mombim.fr\/wp-content\/uploads\/2020\/07\/jonas-jacobsson-YlFM0-LdHu8-unsplash-768x512.jpg 768w, https:\/\/mombim.fr\/wp-content\/uploads\/2020\/07\/jonas-jacobsson-YlFM0-LdHu8-unsplash-1536x1024.jpg 1536w, https:\/\/mombim.fr\/wp-content\/uploads\/2020\/07\/jonas-jacobsson-YlFM0-LdHu8-unsplash-2048x1365.jpg 2048w, https:\/\/mombim.fr\/wp-content\/uploads\/2020\/07\/jonas-jacobsson-YlFM0-LdHu8-unsplash-315x210.jpg 315w, https:\/\/mombim.fr\/wp-content\/uploads\/2020\/07\/jonas-jacobsson-YlFM0-LdHu8-unsplash-600x400.jpg 600w\" sizes=\"(max-width: 2560px) 100vw, 2560px\" \/><\/div>\n\t\t<\/figure>\n\t<\/div>\n<\/div><\/div><\/div><\/div>","protected":false},"excerpt":{"rendered":"Nous assurons la Ma\u00eetrise d'\u0153uvre de votre projet depuis la pr\u00e9 \u00e9tude jusqu'\u00e0 la r\u00e9ception puis la gestion de votre projet. La mission de ma\u00eetrise d\u2019\u0153uvre est une mission globale qui doit permettre d\u2019apporter une r\u00e9ponse architecturale, technique et \u00e9conomique au programme d\u00e9fini par le ma\u00eetre d\u2019ouvrage pour la r\u00e9alisation d\u2019une op\u00e9ration.","protected":false},"author":1,"featured_media":0,"parent":0,"menu_order":0,"comment_status":"closed","ping_status":"closed","template":"","meta":[],"_links":{"self":[{"href":"http:\/\/mombim.fr\/en\/wp-json\/wp\/v2\/pages\/1808"}],"collection":[{"href":"http:\/\/mombim.fr\/en\/wp-json\/wp\/v2\/pages"}],"about":[{"href":"http:\/\/mombim.fr\/en\/wp-json\/wp\/v2\/types\/page"}],"author":[{"embeddable":true,"href":"http:\/\/mombim.fr\/en\/wp-json\/wp\/v2\/users\/1"}],"replies":[{"embeddable":true,"href":"http:\/\/mombim.fr\/en\/wp-json\/wp\/v2\/comments?post=1808"}],"version-history":[{"count":3,"href":"http:\/\/mombim.fr\/en\/wp-json\/wp\/v2\/pages\/1808\/revisions"}],"predecessor-version":[{"id":1890,"href":"http:\/\/mombim.fr\/en\/wp-json\/wp\/v2\/pages\/1808\/revisions\/1890"}],"wp:attachment":[{"href":"http:\/\/mombim.fr\/en\/wp-json\/wp\/v2\/media?parent=1808"}],"curies":[{"name":"wp","href":"https:\/\/api.w.org\/{rel}","templated":true}]}}